{"id":110,"date":"2019-06-11T15:48:05","date_gmt":"2019-06-11T13:48:05","guid":{"rendered":"https:\/\/www.systemservis.sk\/?page_id=110"},"modified":"2023-03-21T13:42:26","modified_gmt":"2023-03-21T11:42:26","slug":"gdpr","status":"publish","type":"page","link":"https:\/\/www.systemservis.sk\/?page_id=110","title":{"rendered":"GDPR"},"content":{"rendered":"\n<p><strong>Vyhl\u00e1senie o ochrane osobn\u00fdch \u00fadajov<\/strong><\/p>\n\n\n\n<p>Ochrana V\u00e1\u0161ho s\u00fakromia pri pou\u017e\u00edvan\u00ed na\u0161ej webovej str\u00e1nky <strong>www.systemservis.sk<\/strong>&nbsp; je pre n\u00e1s mimoriadne d\u00f4le\u017eit\u00e1. Preto V\u00e1s v&nbsp;nasleduj\u00facom texte d\u00f4kladne informujeme o&nbsp;sprac\u00favan\u00ed&nbsp; Va\u0161ich osobn\u00fdch \u00fadajov. Zodpovedn\u00e1 za ochranu osobn\u00fdch \u00fadajov tejto webovej str\u00e1nky je spolo\u010dnos\u0165 <strong>Syst\u00e9m Servis Slovakia, s.r.o., Technick\u00e1 2, 821 04 Bratislava, I\u010cO: 47 491 183<\/strong> (\u010falej ako &#8222;spolo\u010dnos\u0165&#8220;).&nbsp; Spolo\u010dnos\u0165 pri pou\u017e\u00edvan\u00ed a&nbsp;sprac\u00favan\u00ed osobn\u00fdch \u00fadajov pr\u00edsne dodr\u017eiava pr\u00edslu\u0161n\u00e9 predpisy o&nbsp;ochrane osobn\u00fdch \u00fadajov. Pr\u00e1vo na pou\u017e\u00edvanie osobn\u00fdch \u00fadajov ako anonymn\u00fdch d\u00e1t prisl\u00facha s&nbsp;v\u00fdhradou ni\u017e\u0161ie op\u00edsan\u00fdch pr\u00e1v dotknut\u00fdch os\u00f4b v&nbsp;z\u00e1konnom pr\u00edpustnom rozsahu spolo\u010dnosti.<\/p>\n\n\n\n<p>Toto vyhl\u00e1senie o&nbsp;ochrane osobn\u00fdch\n\u00fadajov plat\u00ed iba pre <strong>www.systemservis.sk;<\/strong>&nbsp; (\u010falej ako &#8222;na\u0161a webov\u00e1 str\u00e1nka&#8220;)\n&nbsp;a&nbsp;s&nbsp;\u0148ou s\u00favisiace podstr\u00e1nky, av\u0161ak nie pre webov\u00e9 str\u00e1nky,\nktor\u00e9 s\u00fa kontrolovan\u00e9 a&nbsp;prev\u00e1dzkovan\u00e9 tret\u00edmi stranami. Skontrolujte,\npros\u00edm, vyhl\u00e1senia o&nbsp;ochrane osobn\u00fdch \u00fadajov webov\u00fdch str\u00e1nok, ktor\u00e9 s\u00fa\nkontrolovan\u00e9 a&nbsp;prev\u00e1dzkovan\u00e9 tret\u00edmi stranami, preto\u017ee tieto webov\u00e9\nstr\u00e1nky nepodliehaj\u00fa na\u0161ej kontrole a&nbsp;spolo\u010dnos\u0165&nbsp; nie je zodpovedn\u00e1\nza ich obsah a opatrenia na ochranu osobn\u00fdch \u00fadajov.<\/p>\n\n\n\n<p><strong>[1.] Bezpe\u010dnos\u0165 \u00fadajov<\/strong><\/p>\n\n\n\n<p>[1.1] Spolo\u010dnos\u0165 prijala na ochranu Va\u0161ich\nosobn\u00fdch \u00fadajov primeran\u00e9 technick\u00e9 a&nbsp;organiza\u010dn\u00e9 opatrenia, ktor\u00e9 chr\u00e1nia\nVa\u0161e osobn\u00e9 \u00fadaje okrem in\u00e9ho pred stratou, manipul\u00e1ciou alebo neopr\u00e1vnen\u00fdm\npr\u00edstupom. Prijat\u00e9 opatrenia podliehaj\u00fa pravidelnej kontrole a&nbsp;priebe\u017ene\ns\u00fa prisp\u00f4sobovan\u00e9 pod\u013ea najnov\u0161\u00edch poznatkov stavu techniky. Pokia\u013e by do\u0161lo\nk&nbsp;poru\u0161eniu ochrany Va\u0161ich osobn\u00fdch \u00fadajov, budeme V\u00e1s bez zbyto\u010dn\u00e9ho\nodkladu v&nbsp;priebehu 72 hod\u00edn informova\u0165, ak by tak\u00e9to poru\u0161enie ochrany\nVa\u0161ich&nbsp; osobn\u00fdch \u00fadajov mohlo vies\u0165 k vysok\u00e9mu riziku pre Va\u0161e pr\u00e1va.<\/p>\n\n\n\n<p>[1.2] Ak ste dostali pr\u00edstupov\u00e9 \u00fadaje na\npr\u00edstup k&nbsp;na\u0161im on-line n\u00e1strojom na na\u0161ej webovej str\u00e1nke a&nbsp;jej\npou\u017e\u00edvaniu, ste zodpovedn\u00fd ako pou\u017e\u00edvate\u013e za bezpe\u010dn\u00e9 uschovanie svojho mena\na&nbsp;hesla a&nbsp;za ich &nbsp;uchovanie\nv&nbsp;tajnosti.<\/p>\n\n\n\n<p><strong>[2.] Pou\u017e\u00edvanie webovej str\u00e1nky malolet\u00fdmi\nosobami<\/strong><\/p>\n\n\n\n<p>[2.1] Upozor\u0148ujeme na to, \u017ee v\u0161etky on-line\nn\u00e1stroje na na\u0161ej webovej&nbsp; str\u00e1nke, ktor\u00e9 sprac\u00favaj\u00fa osobn\u00e9 \u00fadaje, m\u00f4\u017eu\npou\u017e\u00edva\u0165 v\u00fdhradne osoby, ktor\u00e9 dov\u0155\u0161ili 16. rok veku. Pou\u017eitie on-line\nn\u00e1strojov a&nbsp;z&nbsp;toho vypl\u00fdvaj\u00face sprac\u00favanie d\u00e1t pou\u017e\u00edvate\u013emi pod touto\nvekovou hranicou bez s\u00fahlasu rodi\u010dov\/z\u00e1konn\u00fdch z\u00e1stupcov je zak\u00e1zan\u00e9. Pokia\u013e by\nnapriek tomu do\u0161lo k&nbsp;sprac\u00favaniu tak\u00fdchto osobn\u00fdch \u00fadajov, zastav\u00edme\nsprac\u00favanie t\u00fdchto \u00fadajov, hne\u010f ako sa o&nbsp;tom dozvieme.<\/p>\n\n\n\n<p><strong>[3.] Zber a&nbsp;sprac\u00favanie osobn\u00fdch \u00fadajov<\/strong><\/p>\n\n\n\n<p><strong>[3.1] Vami poskytnut\u00e9 osobn\u00e9 \u00fadaje<\/strong><\/p>\n\n\n\n<p>Osobn\u00e9 \u00fadaje sprac\u00favame pod\u013ea aktu\u00e1lne\nplatn\u00fdch z\u00e1konn\u00fdch ustanoven\u00ed o&nbsp;ochrane osobn\u00fdch \u00fadajov. Ke\u010f s&nbsp;nami\nkore\u0161pondujete alebo vypln\u00edte formul\u00e1r s&nbsp;osobn\u00fdmi \u00fadajmi na na\u0161ej webovej\nstr\u00e1nke, vezmite na vedomie, \u017ee osobn\u00e9 \u00fadaje, ktor\u00e9 ste uviedli\nv&nbsp;pr\u00edslu\u0161nom formul\u00e1ri, s\u00fa sprac\u00favan\u00e9 iba na konkr\u00e9tny \u00fa\u010del pod\u013ea\npodmienok tam uveden\u00fdch.<\/p>\n\n\n\n<p>&nbsp;&nbsp;<strong>[3.2] <\/strong><strong>\u00da\u010del&nbsp; sprac\u00favania\nO\u00da, pr\u00e1vny z\u00e1klad, kateg\u00f3ria osobn\u00fdch \u00fadajov a&nbsp;lehota na vymazanie<\/strong><\/p>\n\n\n\n<table class=\"wp-block-table\"><thead><tr><td>\n   P.\u010d.\n   <\/td><td>\n   Kateg\u00f3ria osobn\u00fdch\n   \u00fadajov\n   <\/td><td>\n   \u00da\u010del spracovania\n   <\/td><td>\n   Pr\u00e1vny z\u00e1klad\n   spracovania\n   <\/td><td>\n   Lehota na vymazanie\n   OU \n   <\/td><\/tr><\/thead><tbody><tr><td>\n  &nbsp;\n  1\n  <\/td><td>\n  <em>&nbsp;<\/em>\n  <em>meno,\n  priezvisko, titul, email, tel. kontakt., podpis,&nbsp; adresa (\u00fadaje uveden\u00e9 v&nbsp;\u017eiadosti)<\/em>\n  <\/td><td>\n  <em>&nbsp;<\/em>\n  <em>\u00da\u010delom\n  sprac\u00favania osobn\u00fdch \u00fadajov je vybavovanie \u017eiadost\u00ed fyzick\u00fdch os\u00f4b\n  smeruj\u00facich k&nbsp;uplat\u0148ovaniu ich <\/em><em>pr\u00e1v ako dotknut\u00fdch os\u00f4b v&nbsp;zmysle\n  Nariadenia Eur\u00f3pskeho parlamentu a&nbsp;Rady (E\u00da) 2016\/679 o&nbsp;ochrane\n  fyzick\u00fdch os\u00f4b&nbsp; pri sprac\u00favan\u00ed osobn\u00fdch\n  \u00fadajov a&nbsp;o&nbsp;vo\u013enom pohybe tak\u00fdchto \u00fadajov.<\/em>\n  <\/td><td>\n  <em>&nbsp;<\/em>\n  <em>&nbsp;<\/em>\n  <em>&nbsp;<\/em>\n  <em>V zmysle \u010cl. 6 ods. 1 p\u00edsm. c) Nariadenia<\/em><em><\/em>\n  <\/td><td>\n  <em>&nbsp;<\/em>\n  <em>5 rokov od vybavenia \u017eiadosti <\/em>\n  <\/td><\/tr><tr><td>\n  2\n  <\/td><td>\n  &nbsp;\n  <em>meno,\n  priezvisko, titul,&nbsp; podpis,&nbsp; pracovn\u00e9, funk\u010dn\u00e9 alebo slu\u017eobn\u00e9 zaradenie,\n  odborn\u00fd \u00fatvar, miesto v\u00fdkonu pr\u00e1ce, telef\u00f3nne \u010d\u00edslo (firemn\u00e9), faxov\u00e9 \u010d\u00edslo\n  (firemn\u00e9), e-mail (firemn\u00fd), identifika\u010dn\u00e9 \u00fadaje zamestn\u00e1vate\u013ea<\/em><em><\/em>\n  &nbsp;\n  <\/td><td>\n  <em>&nbsp;<\/em>\n  <em>Vedenie\n  datab\u00e1zy z\u00e1stupcov, respekt\u00edve zamestnancov dod\u00e1vate\u013eov a&nbsp;odberate\u013eov\n  z&nbsp;d\u00f4vodu plnenia ich pracovn\u00fdch, slu\u017eobn\u00fdch a&nbsp;funk\u010dn\u00fdch povinnost\u00ed\n  a&nbsp;zabezpe\u010denia plynul\u00fdch dod\u00e1vate\u013esko-odberate\u013esk\u00fdch vz\u0165ahov<\/em><em>.<\/em>\n  &nbsp;\n  <\/td><td>\n  &nbsp;\n  &nbsp;\n  <em>V zmysle \u010cl. 6 ods. 1 p\u00edsm. f) Nariadenia<\/em>\n  <\/td><td>\n  &nbsp;\n  &nbsp;\n  <em>10 rokov od ukon\u010denia zmluvn\u00e9ho vz\u0165ahu<\/em>\n  <\/td><\/tr><tr><td>\n  3\n  <\/td><td>\n  &nbsp;\n  &nbsp;\n  <em>titul,\n  meno, priezvisko, adresa a&nbsp;v pr\u00edpade cudzinca (druh pobytu), \u010d\u00edslo\n  bankov\u00e9ho \u00fa\u010dtu, \u00fadaje o&nbsp;platb\u00e1ch, telef\u00f3nne \u010d\u00edslo, e- mail, podpis<\/em>\n  <\/td><td>\n  <em>Vedenie \u00fa\u010dtovn\u00edctva je&nbsp; \u0161tandardn\u00fd ekonomick\u00fd informa\u010dn\u00fd syst\u00e9m,\n  jadrom ktor\u00e9ho je \u00fa\u010dtovn\u00edctvo. Do predmetn\u00e9ho IS zah\u0155\u0148ame aj sprac\u00favanie\n  objedn\u00e1vok, do\u0161l\u00fdch fakt\u00far a&nbsp;faktur\u00e1cia odberate\u013eom, styk s&nbsp;bankou,\n  vedenie pokladne, zabezpe\u010dovanie hotovostn\u00fdch pr\u00edjmov a&nbsp;v\u00fddavkov,\n  skladov\u00e9 hospod\u00e1rstvo, evidencia investi\u010dn\u00e9ho majetku (vr\u00e1tane automatick\u00e9ho\n  odpisovania) a&nbsp;drobn\u00e9ho majetku, vedenie jednoduch\u00e9ho\/podvojn\u00e9ho\n  \u00fa\u010dtovn\u00edctva organiz\u00e1cie, vykon\u00e1vanie auditov<\/em>\n  <\/td><td>\n  <em>&nbsp;<\/em>\n  <em>V zmysle \u010cl. 6 ods. 1 p\u00edsm. c) Nariadenia<\/em>\n  <\/td><td>\n  <em>&nbsp;<\/em>\n  <em>&nbsp;<\/em>\n  <em>10 rokov <\/em>\n  <\/td><\/tr><tr><td>\n  4\n  <\/td><td>\n  <em>meno,\n  priezvisko, titul,&nbsp; podpis,&nbsp; adresa, e-mail, tel. kontakt, bankov\u00fd \u00fa\u010det\n  na vr\u00e1tenie pe\u0148az\u00ed, predmet reklam\u00e1cii<\/em><em><\/em>\n  <\/td><td>\n  <em>&nbsp;<\/em>\n  <em>\u00da\u010delom sprac\u00favania O\u00da pre IS reklam\u00e1cie je uplatnenie pr\u00e1va\n  zodpovednosti za chyby poskytnut\u00fdch slu\u017eieb slu\u017eieb z\u00e1kazn\u00edkovi (klientovi),\n  ktor\u00fd po\u017eaduje ur\u010dit\u00fa n\u00e1pravu alebo n\u00e1hradu. Zabezpe\u010denie fungovania pr\u00e1vnych\n  vz\u0165ahov medzi prev\u00e1dzkovate\u013eom a&nbsp;dotknutou osobou pri vybavovan\u00ed\n  reklam\u00e1ci\u00ed, t\u00fdkaj\u00facich sa spr\u00e1vnosti a&nbsp;kvality&nbsp;slu\u017eieb,\n  poskytovan\u00fdch prev\u00e1dzkovate\u013eom<\/em><em>. <\/em>\n  <\/td><td>\n  <em>&nbsp;<\/em>\n  <em>V zmysle, \u010dl. 6, ods. 1, p\u00edsm. c.) <\/em><em>Nariadenia<\/em>\n  <\/td><td>\n  <em>&nbsp;<\/em>\n  <em>10 rokov <\/em>\n  <\/td><\/tr><tr><td>\n  5\n  <\/td><td>\n  <em>&nbsp;<\/em>\n  <em>&nbsp;<\/em>\n  <em>&nbsp;<\/em>\n  <em>&nbsp;<\/em>\n  <em>&nbsp;<\/em>\n  <em>Osobn\u00e9 \u00fadaje poskytnut\u00e9\n  v&nbsp;rozsahu CV a&nbsp;motiva\u010dn\u00e9ho listu <\/em>\n  <\/td><td>\n  <em>&nbsp;<\/em>\n  <em>V&nbsp;pr\u00edpade,\n  ak ste n\u00e1m zaslali V\u00e1\u0161 \u017eivotopis a&nbsp;motiva\u010dn\u00fd list, a&nbsp;poskytli n\u00e1m\n  O\u00da v&nbsp;rozsahu \u017eivotopisu a&nbsp;to najm\u00e4 titul, meno a&nbsp;priezvisko,\n  adresa, vek, vzdelanie, b\u00fdval\u00e9 zamestnania, zru\u010dnosti, podpis at\u010f. S\u00fahlas\u00edte,\n  aby prev\u00e1dzkovate\u013e sprac\u00faval O\u00da na pr\u00e1vnom z\u00e1klade s\u00fahlas dotknutej osoby.\n  Tento s\u00fahlas m\u00f4\u017eete kedyko\u013evek odvola\u0165. Po v\u00fdberovom konan\u00ed sa \u017eivotopisy aj\n  motiva\u010dn\u00e9 listy zlikviduj\u00fa z&nbsp;listinnej ako automatizovanej podoby.\n  Neprac\u00favame \u017eivotopisy, ktor\u00e9 n\u00e1m boli zaslan\u00e9 prostredn\u00edctvom inej osoby\n  napr. pr\u00edbuzn\u00e9ho<\/em><em><\/em>\n  <\/td><td>\n  <em>&nbsp;<\/em>\n  <em>&nbsp;<\/em>\n  <em>V&nbsp;zmysle <\/em>\n  <em>\u010dl. 6 ods. 1 p\u00edsm.\n  a) Nariadenia <\/em>\n  <em>&#8211; s\u00fahlas dotknutej\n  osoby<\/em>\n  <\/td><td>\n  <em>&nbsp;<\/em>\n  <em>&nbsp;<\/em>\n  <em>&nbsp;<\/em>\n  <em>30 dn\u00ed od ukon\u010denia v\u00fdberov\u00e9ho konania <\/em>\n  <em>&nbsp;<\/em>\n  <\/td><\/tr><tr><td>\n  6\n  <\/td><td>\n  <em>&nbsp;<\/em>\n  <em>&nbsp;<\/em>\n  <em>meno, priezvisko, titul,\n  rodn\u00e9 priezvisko, adresa, bydlisko, d\u00e1tum narodenia, banka \u2013 \u010d\u00edslo \u00fa\u010dtu,\n  \u010d\u00edslo OP, kontaktn\u00e9 \u00fadaje (e-mail, telef\u00f3nne \u010d\u00edslo)<\/em><em><\/em>\n  <\/td><td>\n  <em>&nbsp;<\/em>\n  <em>&nbsp;<\/em>\n  <em>\u00da\u010delom sprac\u00favania osobn\u00fdch \u00fadajov v&nbsp;r\u00e1mci\n  predmetnej agendy je pr\u00edprava n\u00e1vrhov zml\u00fav (oferta), ich uzatv\u00e1ranie\n  (akcept\u00e1cia) a&nbsp;evidencia zmluvn\u00fdch vz\u0165ahov r\u00f4zneho druhu<\/em><em><\/em>\n  <\/td><td>\n  <em>V&nbsp;zmysle <\/em>\n  <em>\u010dl.\n  6 ods. 1 p\u00edsm. b) GDPR \u2013 plnenie zo zml\u00fav a&nbsp;z\u00e1rove\u0148 z&nbsp;platn\u00fdch\n  pr\u00e1vnych predpisov \u010dl. 6 ods. 1 p\u00edsm. c) GDPR<\/em><em><\/em>\n  <\/td><td>\n  <em>&nbsp;<\/em>\n  <em>&nbsp;<\/em>\n  <em>10 rokov <\/em>\n  <\/td><\/tr><\/tbody><\/table>\n\n\n\n<p><strong>[4.] Partneri<\/strong><\/p>\n\n\n\n<p>Spolo\u010dnos\u0165 sprac\u00fava v\u0161etky osobn\u00e9 \u00fadaje\nsama,&nbsp; s&nbsp;podporou profesion\u00e1lnych\npartnerov a zmluvne&nbsp; poveren\u00fdmi\ndod\u00e1vate\u013emi slu\u017eieb a pr\u00e1c. Partneri boli starostlivo vybrat\u00ed a&nbsp;vhodn\u00fdmi\ntechnick\u00fdmi a&nbsp;organiza\u010dn\u00fdmi opatreniami sa staraj\u00fa o&nbsp;to, aby sa\nsprac\u00favanie Va\u0161ich osobn\u00fdch \u00fadajov uskuto\u010d\u0148ovalo v&nbsp;s\u00falade\ns&nbsp;po\u017eiadavkami z\u00e1kona o&nbsp;ochrane osobn\u00fdch \u00fadajov a&nbsp;bolo zaru\u010den\u00e9\ndodr\u017eanie Va\u0161ich pr\u00e1v. Partnerom nie je dovolen\u00e9 pou\u017e\u00edva\u0165 prenechan\u00e9 osobn\u00e9\n\u00fadaje na vlastn\u00e9 alebo komer\u010dn\u00e9 \u00fa\u010dely alebo ich poskytova\u0165 tret\u00edm stran\u00e1m.<\/p>\n\n\n\n<p>Spolo\u010dnos\u0165 neposkytuje tret\u00edm stran\u00e1m &#8211;\nnapr\u00edklad vydavate\u013estv\u00e1m zoznamov adries a spolo\u010dnostiam vykon\u00e1vaj\u00facim priamu\nreklamu.<\/p>\n\n\n\n<p><strong>[5.] Z\u00e1konnos\u0165 sprac\u00favania osobn\u00fdch \u00fadajov<\/strong><\/p>\n\n\n\n<p>Ak sa rozhodnete poskytn\u00fa\u0165 n\u00e1m Va\u0161e osobn\u00e9\n\u00fadaje za niektor\u00fdm \u00fa\u010delom pod\u013ea pon\u00fak dan\u00fdch na\u0161ou webovou str\u00e1nkou, z h\u013eadiska\nz\u00e1konnosti ich sprac\u00favania m\u00f4\u017ee \u00eds\u0165 o ich poskytnutie:<\/p>\n\n\n\n<p>[5.1] bez V\u00e1\u0161ho s\u00fahlasu za \u00fa\u010delom uzatvorenia\npredzmluvn\u00e9ho alebo zmluvn\u00e9ho vz\u0165ahu &nbsp;alebo<\/p>\n\n\n\n<p>[5.2]&nbsp; s Va\u0161im s\u00fahlasom&nbsp; ( napr.\nprihl\u00e1\u0161ka na odber bulletinu,&nbsp; Marketingov\u00e9 aktivity, Prieskum spokojnosti\nklienta&#8230;).<\/p>\n\n\n\n<p>[5.3] V\u017edy v\u0161ak pri danom formul\u00e1ri, do\nktor\u00e9ho vklad\u00e1te Va\u0161e osobn\u00e9 \u00fadaje je uveden\u00fd minim\u00e1lne&nbsp; \u00fa\u010del\nsprac\u00favania,&nbsp; rozsah sprac\u00favan\u00fdch osobn\u00fdch \u00fadajov, zd\u00f4vodnenie s\u00fahlasu a\ndoba sprac\u00favania.<\/p>\n\n\n\n<p><strong>[6.] Pr\u00e1va dotknut\u00fdch os\u00f4b<\/strong><\/p>\n\n\n\n<p>Pokia\u013e ide o sprac\u00favanie \u00fadajov, m\u00f4\u017eete\nuplatni\u0165 nasleduj\u00face pr\u00e1va, ktor\u00e9 V\u00e1m prisl\u00fachaj\u00fa:<\/p>\n\n\n\n<p><strong>[6.1] Pr\u00e1vo na inform\u00e1cie<\/strong><\/p>\n\n\n\n<p>M\u00f4\u017eete po\u017eadova\u0165 potvrdenie o&nbsp;tom, \u010di\na&nbsp;v&nbsp;akej miere sa sprac\u00favaj\u00fa Va\u0161e osobn\u00e9 inform\u00e1cie.<\/p>\n\n\n\n<p><strong>[6.2] Pr\u00e1vo na opravu<\/strong><\/p>\n\n\n\n<p>Ak o&nbsp;V\u00e1s sprac\u00favame ne\u00fapln\u00e9 alebo\nnespr\u00e1vne osobn\u00e9 \u00fadaje, m\u00f4\u017eete kedyko\u013evek po\u017eadova\u0165 ich opravu, pr\u00edp. ich\ndoplnenie.<\/p>\n\n\n\n<p>Ak ste si zriadili pou\u017e\u00edvate\u013esk\u00fd \u00fa\u010det, m\u00f4\u017eete\nk svojim osobn\u00fdm \u00fadajom prist\u00fapi\u0165 kedyko\u013evek a&nbsp;tieto sami opravi\u0165 alebo\ndoplni\u0165. Okrem toho m\u00f4\u017eete pou\u017e\u00edvate\u013esk\u00fd \u00fa\u010det kedyko\u013evek zatvori\u0165.<\/p>\n\n\n\n<p><strong>[6.3] Pr\u00e1vo na vymazanie<\/strong><\/p>\n\n\n\n<p>M\u00f4\u017eete po\u017eadova\u0165 vymazanie svojich osobn\u00fdch\n\u00fadajov, pokia\u013e zanikol d\u00f4vod, pre ktor\u00fd boli zberan\u00e9, ide o&nbsp;neopr\u00e1vnen\u00e9\nsprac\u00favanie, sprac\u00favanie zasahuje ne\u00famerne do Va\u0161ich opr\u00e1vnen\u00fdch chr\u00e1nen\u00fdch\nz\u00e1ujmov alebo sa sprac\u00favanie \u00fadajov opiera o&nbsp;V\u00e1\u0161 s\u00fahlas a&nbsp;Vy ste ho\nodvolali. Pritom si treba uvedomi\u0165, \u017ee m\u00f4\u017eu existova\u0165 in\u00e9 d\u00f4vody, ktor\u00e9 m\u00f4\u017eu\nokam\u017eit\u00e9mu vymazaniu Va\u0161ich \u00fadajov odporova\u0165, napr. z\u00e1konom upraven\u00e9 lehoty\nulo\u017eenia, prebiehaj\u00face konania, uplatnenie, v\u00fdkon alebo obhajoba pr\u00e1vnych\nn\u00e1rokov at\u010f.<\/p>\n\n\n\n<p><strong>[6.4] Pr\u00e1vo na obmedzenie sprac\u00favania<\/strong><\/p>\n\n\n\n<p>M\u00e1te pr\u00e1vo po\u017eadova\u0165 obmedzenie sprac\u00favania\nVa\u0161ich \u00fadajov, ke\u010f<\/p>\n\n\n\n<ul class=\"wp-block-list\"><li>popierate\nspr\u00e1vnos\u0165 t\u00fdchto \u00fadajov, a&nbsp;to po dobu, ktor\u00e1 n\u00e1m umo\u017en\u00ed spr\u00e1vnos\u0165 \u00fadajov\npreveri\u0165,<ul><li>sprac\u00favanie\nVa\u0161ich \u00fadajov je neopr\u00e1vnen\u00e9, zmazanie v\u0161ak odmietnete a&nbsp;namiesto toho\npo\u017eadujete obmedzenie pou\u017e\u00edvania \u00fadajov,<\/li><\/ul><ul><li>u\u017e\n\u00fadaje na pl\u00e1novan\u00fd \u00fa\u010del nepotrebujeme, av\u0161ak Vy potrebujete tieto \u00fadaje e\u0161te na\nuplatnenie, v\u00fdkon alebo obhajobu pr\u00e1vnych n\u00e1rokov, alebo<\/li><\/ul><ul><li>ste\npodali n\u00e1mietku vo\u010di sprac\u00favaniu \u00fadajov.<\/li><\/ul><\/li><\/ul>\n\n\n\n<p><strong>[6.5] Pr\u00e1vo na prenosite\u013enos\u0165 \u00fadajov<\/strong><\/p>\n\n\n\n<p>M\u00f4\u017eete od n\u00e1s po\u017eadova\u0165, aby sme V\u00e1m Va\u0161e\n\u00fadaje, ktor\u00e9 ste n\u00e1m poskytli, dali k&nbsp;dispoz\u00edcii v \u0161trukt\u00farovanom, be\u017enom\na&nbsp;strojovo \u010ditate\u013enom form\u00e1te, pokia\u013e \u00fadaje sprac\u00favame na z\u00e1klade V\u00e1\u0161ho\nudelen\u00e9ho s\u00fahlasu alebo za \u00fa\u010delom splnenia zmluvy medzi nami a&nbsp;sprac\u00favanie\nsa uskuto\u010d\u0148uje s&nbsp;pomocou automatizovan\u00fdch postupov.<\/p>\n\n\n\n<p><strong>[6.6] Pr\u00e1vo na n\u00e1mietku<\/strong><\/p>\n\n\n\n<p>Ak sprac\u00favame Va\u0161e \u00fadaje za \u00fa\u010delom vykonania\n\u00faloh, ktor\u00e9 s\u00fa vo verejnom z\u00e1ujme, za \u00fa\u010delom v\u00fdkonu verejnej moci alebo ak sa\npri sprac\u00favan\u00ed odvol\u00e1vame na nutnos\u0165 ochrany na\u0161ich opr\u00e1vnen\u00fdch z\u00e1ujmov, m\u00f4\u017eete\npoda\u0165 n\u00e1mietku proti sprac\u00favaniu \u00fadajov, pokia\u013e existuje rozhoduj\u00faci z\u00e1ujem na\nochranu Va\u0161ich \u00fadajov. Zasielanie reklamy m\u00f4\u017eete odvola\u0165 kedyko\u013evek bez\nuvedenia d\u00f4vodov.<\/p>\n\n\n\n<p><strong>[6.7] Pr\u00e1vo na s\u0165a\u017enos\u0165<\/strong><\/p>\n\n\n\n<p>Pokia\u013e ste toho n\u00e1zoru, \u017ee sme pri sprac\u00favan\u00ed\nVa\u0161ich \u00fadajov poru\u0161ili slovensk\u00fd alebo eur\u00f3psky z\u00e1kon o ochrane osobn\u00fdch \u00fadajov\na&nbsp;t\u00fdm poru\u0161ili Va\u0161e pr\u00e1va, \u017eiadame V\u00e1s t\u00fdmto, aby ste n\u00e1s kontaktovali,\naby sme mohli objasni\u0165 pr\u00edpadn\u00e9 ot\u00e1zky. Samozrejme m\u00e1te tie\u017e pr\u00e1vo s\u0165a\u017eova\u0165 sa\nna slovenskom \u00farade pre ochranu osobn\u00fdch \u00fadajov, pr\u00edp. u&nbsp;eur\u00f3pskeho org\u00e1nu\ndoh\u013eadu.<\/p>\n\n\n\n<p>Tieto pr\u00e1va m\u00f4\u017eete uplatni\u0165 priamo v spolo\u010dnosti ozn\u00e1men\u00edm na e-mailovej adrese&nbsp; <a href=\"mailto:kontakt@systemservis.sk\">kontakt@systemservis.sk<\/a><\/p>\n\n\n\n<p><strong>[7.]<\/strong>&nbsp;<strong>Z\u00edskavanie\na sprac\u00favanie anonymn\u00fdch \u00fadajov<\/strong><\/p>\n\n\n\n<p>Na tejto webovej str\u00e1nke s\u00fa pou\u017eit\u00e9 softv\u00e9ry\npre anal\u00fdzu pou\u017e\u00edvania str\u00e1nok. Vyhodnoten\u00edm t\u00fdchto \u00fadajov z\u00edskavame d\u00f4le\u017eit\u00e9\npoznatky o preferenci\u00e1ch u\u017e\u00edvate\u013eov. Tieto poznatky pom\u00e1haj\u00fa zlep\u0161ova\u0165 kvalitu\nponuky. Pri ka\u017edej n\u00e1v\u0161teve str\u00e1nky sa konkr\u00e9tne neobmedzene zaznamen\u00e1vaj\u00fa\ntieto \u00fadaje:<\/p>\n\n\n\n<ul class=\"wp-block-list\"><li>Anonymn\u00fd\ntvar IP adresy, ktor\u00fd zaslal po\u017eiadavku<ul><li>D\u00e1tum\na \u010das zaslania po\u017eiadavky<\/li><\/ul><ul><li>N\u00e1zov\nprezeranej str\u00e1nky resp. s\u00faboru<\/li><\/ul><ul><li>Linku,\nz ktorej str\u00e1nky ste sa na t\u00fato str\u00e1nku dostali<\/li><\/ul><ul><li>Prehliada\u010d\na verzia prehliada\u010da, ktor\u00fd u\u017e\u00edvate\u013e pou\u017e\u00edva<\/li><\/ul><ul><li>Opera\u010dn\u00fd\nsyst\u00e9m, ktor\u00fd u\u017e\u00edvate\u013e pou\u017e\u00edva.<\/li><\/ul><\/li><\/ul>\n\n\n\n<p>Tieto \u00fadaje sa vyhodnocuj\u00fa pre \u0161tatistick\u00e9\n\u00fa\u010dely. Pritom s\u00fa to v\u00fdlu\u010dne inform\u00e1cie, ktor\u00e9 neprip\u00fa\u0161\u0165aj\u00fa spojenie s va\u0161ou\nosobou. Ako u\u017e\u00edvate\u013e zost\u00e1vate anonymn\u00fd.<\/p>\n\n\n\n<p><strong>[7.1] Pou\u017e\u00edvanie cookies<\/strong><\/p>\n\n\n\n<p>V s\u00favislosti s t\u00fdmto sa pou\u017e\u00edvaj\u00fa aj takzvan\u00e9\ncookies. Cookie je mal\u00fd textov\u00fd s\u00fabor, ktor\u00fd uklad\u00e1 internetov\u00e9 nastavenia.\nTakmer ka\u017ed\u00e1 webov\u00e1 str\u00e1nka pou\u017e\u00edva t\u00fato technol\u00f3giu. V\u00e1\u0161 webov\u00fd prehliada\u010d ho\nstiahne pri prvej n\u00e1v\u0161teve webovej str\u00e1nky. Pri \u010fal\u0161om vyvolan\u00ed tejto webovej\nstr\u00e1nky rovnak\u00fdm koncov\u00fdm zariaden\u00edm sa s\u00fabor Cookie a&nbsp;v&nbsp;\u0148om ulo\u017een\u00e9\ninform\u00e1cie bu\u010f odo\u0161le sp\u00e4\u0165 na webov\u00fa str\u00e1nku, ktor\u00e1 ho vytvorila (First Party\nCookie), alebo odo\u0161le na in\u00fa webov\u00fa str\u00e1nku, ku ktorej patr\u00ed (Third Party\nCookie). Webov\u00e1 str\u00e1nka tak rozpozn\u00e1, \u017ee u\u017e bola t\u00fdmto prehliada\u010dom raz\nvyvolan\u00e1, a&nbsp;v&nbsp;mnoh\u00fdch pr\u00edpadoch obmen\u00ed zobrazen\u00fd obsah.<\/p>\n\n\n\n<p>&nbsp;Pri n\u00e1v\u0161teve\ntejto str\u00e1nky sa pou\u017e\u00edvaj\u00fa aktu\u00e1lne cookies. Ak chcete cookies deaktivova\u0165,\nkliknite tu.<br>\n<br>\nNa pou\u017e\u00edvanie cookies ste n\u00e1m udelili V\u00e1\u0161 predch\u00e1dzaj\u00faci s\u00fahlas. Za s\u00fahlas sa<br>\npova\u017euje aj aktiv\u00e1cia cookies prostredn\u00edctvom nastavenia V\u00e1\u0161ho webov\u00e9ho<br>\nprehliada\u010da. Cookies na tejto str\u00e1nke m\u00f4\u017eete kedyko\u013evek deaktivova\u0165. Pros\u00edm\nzoberte na vedomie, \u017ee deaktivovan\u00edm cookies m\u00f4\u017ee by\u0165 funk\u010dnos\u0165 str\u00e1nky obmedzen\u00e1.<br>\n<br>\n<\/p>\n\n\n\n<p>Na pou\u017e\u00edvanie cookies ste n\u00e1m udelili V\u00e1\u0161\npredch\u00e1dzaj\u00faci s\u00fahlas. Za s\u00fahlas sa pova\u017euje aj aktiv\u00e1cia cookies\nprostredn\u00edctvom nastavenia V\u00e1\u0161ho webov\u00e9ho prehliada\u010da. Cookies na tejto str\u00e1nke\nm\u00f4\u017eete kedyko\u013evek deaktivova\u0165. Pros\u00edm zoberte na vedomie, \u017ee deaktivovan\u00edm\ncookies m\u00f4\u017ee by\u0165 funk\u010dnos\u0165 str\u00e1nky obmedzen\u00e1.<\/p>\n\n\n\n<p>Pros\u00edm zoberte na vedomie, \u017ee kv\u00f4li\nfunk\u010dnosti webovej str\u00e1nky sa eur\u00f3pske smernice net\u00fdkaj\u00fa nevyhnutn\u00fdch cookies a\nnedaj\u00fa sa deaktivova\u0165. Aby ste tieto cookies deaktivovali, vytvor\u00ed sa vo va\u0161om\nprehliada\u010di &#8222;Opt-Out&#8220; cookie, aby sa v\u00e1\u0161 nes\u00fahlas dal priradi\u0165. V\npr\u00edpade, \u017ee pou\u017eijete in\u00fd prehliada\u010d respekt\u00edve in\u00fd po\u010d\u00edta\u010d alebo cookies\nvyma\u017eete, mus\u00edte cookies op\u00e4\u0165 deaktivova\u0165.<\/p>\n\n\n\n<p><strong>[8.] <\/strong><strong>Bezpe\u010dn\u00fd prenos\n\u00fadajov <\/strong><\/p>\n\n\n\n<p>Va\u0161e osobn\u00e9 \u00fadaje s\u00fa bezpe\u010dne pren\u00e1\u0161an\u00e9 v\u010faka \u0161ifrovaniu.\nSyst\u00e9m k\u00f3dovania SSL (Secure Socket Layer) sa naj\u010dastej\u0161ie vyu\u017e\u00edva pre bezpe\u010dn\u00fa\nkomunik\u00e1ciu s webov\u00fdmi servermi. Osobn\u00e9 \u00fadaje v&nbsp;na\u0161ich syst\u00e9moch ako\ni&nbsp;internetov\u00e1 str\u00e1nka s\u00fa zabezpe\u010den\u00e9&nbsp;\nprimeran\u00fdmi technick\u00fdmi a&nbsp;organiza\u010dn\u00fdmi opatreniami proti strate,\nzni\u010deniu, zmene a&nbsp;\u010fal\u0161iemu \u0161\u00edreniu \u00fadajov prostredn\u00edctvom neopr\u00e1vnen\u00fdch\nos\u00f4b.<\/p>\n\n\n\n<p><strong>[9.] <\/strong><strong>&nbsp;Automatizovan\u00e9 profilovanie<\/strong><\/p>\n\n\n\n<p>Prev\u00e1dzkovate\u013e sprac\u00fava O\u00da:<\/p>\n\n\n\n<p>i)&nbsp;\nv&nbsp;listinnej a&nbsp;v&nbsp;elektronickej podobe. <\/p>\n\n\n\n<p>ii) nevyu\u017e\u00edva automatizovan\u00e9 profilovanie. <\/p>\n\n\n\n<p>S\u00fahlas\nsa nevy\u017eaduje na z\u00e1kladn\u00fd zber \u0161tatistick\u00fdch \u00fadajov napr. pou\u017eit\u00edm meracieho\nk\u00f3du Google Analytics.<\/p>\n\n\n\n<p><strong>[10.] Kontaktn\u00e9 \u00fadaje<\/strong><\/p>\n\n\n\n<p><strong>Syst\u00e9m Servis Slovakia, s.r.o.,<\/strong><strong> <\/strong><\/p>\n\n\n\n<p>Technick\u00e1 2, <\/p>\n\n\n\n<p> 821 04&nbsp;  Bratislava, <\/p>\n\n\n\n<p>I\u010cO: 47 491&nbsp;183<\/p>\n\n\n\n<p>Email: <a href=\"mailto:kontakt@systemservis.sk\">kontakt@systemservis.sk<\/a> <\/p>\n\n\n\n<p><strong>[11.] Kontaktn\u00e9 \u00fadaje zodpovednej osoby:<\/strong><\/p>\n\n\n\n<p>KRO\u010cKA &amp;\nPARTNERS s.r.o.<\/p>\n\n\n\n<p>Plzensk\u00e1 16\/3<\/p>\n\n\n\n<p>831 03 Bratislava<\/p>\n\n\n\n<p>I\u010cO: 50&nbsp;155\n920 <\/p>\n\n\n\n<p>e-mail: <a href=\"mailto:dpo@krockapartners.sk\">dpo@krockapartners.sk<\/a> <\/p>\n","protected":false},"excerpt":{"rendered":"<p>Vyhl\u00e1senie o ochrane osobn\u00fdch \u00fadajov Ochrana V\u00e1\u0161ho s\u00fakromia pri pou\u017e\u00edvan\u00ed na\u0161ej webovej str\u00e1nky www.systemservis.sk&nbsp; je pre n\u00e1s mimoriadne d\u00f4le\u017eit\u00e1. Preto V\u00e1s v&nbsp;nasleduj\u00facom texte d\u00f4kladne informujeme o&nbsp;sprac\u00favan\u00ed&nbsp; Va\u0161ich osobn\u00fdch \u00fadajov. Zodpovedn\u00e1 za ochranu osobn\u00fdch \u00fadajov tejto webovej str\u00e1nky je spolo\u010dnos\u0165 Syst\u00e9m Servis Slovakia, s.r.o., Technick\u00e1 2, 821 04 Bratislava, I\u010cO: 47 491 183 (\u010falej ako &#8222;spolo\u010dnos\u0165&#8220;).&nbsp; &hellip; <a href=\"https:\/\/www.systemservis.sk\/?page_id=110\" class=\"more-link\">Pokra\u010dova\u0165 v \u010d\u00edtan\u00ed<span class=\"screen-reader-text\"> &#8222;GDPR&#8220;<\/span><\/a><\/p>\n","protected":false},"author":1,"featured_media":0,"parent":0,"menu_order":0,"comment_status":"closed","ping_status":"closed","template":"","meta":{"footnotes":""},"class_list":["post-110","page","type-page","status-publish","hentry"],"_links":{"self":[{"href":"https:\/\/www.systemservis.sk\/index.php?rest_route=\/wp\/v2\/pages\/110","targetHints":{"allow":["GET"]}}],"collection":[{"href":"https:\/\/www.systemservis.sk\/index.php?rest_route=\/wp\/v2\/pages"}],"about":[{"href":"https:\/\/www.systemservis.sk\/index.php?rest_route=\/wp\/v2\/types\/page"}],"author":[{"embeddable":true,"href":"https:\/\/www.systemservis.sk\/index.php?rest_route=\/wp\/v2\/users\/1"}],"replies":[{"embeddable":true,"href":"https:\/\/www.systemservis.sk\/index.php?rest_route=%2Fwp%2Fv2%2Fcomments&post=110"}],"version-history":[{"count":8,"href":"https:\/\/www.systemservis.sk\/index.php?rest_route=\/wp\/v2\/pages\/110\/revisions"}],"predecessor-version":[{"id":133,"href":"https:\/\/www.systemservis.sk\/index.php?rest_route=\/wp\/v2\/pages\/110\/revisions\/133"}],"wp:attachment":[{"href":"https:\/\/www.systemservis.sk\/index.php?rest_route=%2Fwp%2Fv2%2Fmedia&parent=110"}],"curies":[{"name":"wp","href":"https:\/\/api.w.org\/{rel}","templated":true}]}}