{"id":29,"date":"2016-03-25T21:51:52","date_gmt":"2016-03-25T19:51:52","guid":{"rendered":"http:\/\/www.systemservis.sk\/?page_id=29"},"modified":"2016-03-27T22:50:07","modified_gmt":"2016-03-27T20:50:07","slug":"uvod","status":"publish","type":"page","link":"https:\/\/www.systemservis.sk\/","title":{"rendered":"\u00davod"},"content":{"rendered":"<p>Z\u00e1klady na\u0161ej spolo\u010dnosti s\u00fa polo\u017een\u00e9 na\u00a0individu\u00e1lnom pr\u00edstupe\u00a0s\u00a0d\u00f4razom na kvalitu a\u00a0r\u00fdchlos\u0165 poskytovan\u00fdch\u00a0slu\u017eieb.<\/p>\n<p>Nami poskytovan\u00e9 slu\u017eby s\u00fa vynikaj\u00facim rie\u0161en\u00edm pre kvalitn\u00fa v\u00fdstavbu, servis a rie\u0161enie havarijn\u00fdch a\u00a0in\u00fdch kr\u00edzov\u00fdch situ\u00e1ci\u00ed, pri\u010dom garantujeme profesionalitu a \u010dasov\u00fa \u00fastretovos\u0165.<\/p>\n<p><img loading=\"lazy\" decoding=\"async\" class=\"size-full wp-image-30 aligncenter\" src=\"http:\/\/www.systemservis.sk\/wp-content\/uploads\/2016\/03\/uvod.jpg\" alt=\"uvod\" width=\"372\" height=\"281\" srcset=\"https:\/\/www.systemservis.sk\/wp-content\/uploads\/2016\/03\/uvod.jpg 372w, https:\/\/www.systemservis.sk\/wp-content\/uploads\/2016\/03\/uvod-300x227.jpg 300w\" sizes=\"auto, (max-width: 372px) 85vw, 372px\" \/><\/p>\n","protected":false},"excerpt":{"rendered":"<p>Z\u00e1klady na\u0161ej spolo\u010dnosti s\u00fa polo\u017een\u00e9 na\u00a0individu\u00e1lnom pr\u00edstupe\u00a0s\u00a0d\u00f4razom na kvalitu a\u00a0r\u00fdchlos\u0165 poskytovan\u00fdch\u00a0slu\u017eieb. Nami poskytovan\u00e9 slu\u017eby s\u00fa vynikaj\u00facim rie\u0161en\u00edm pre kvalitn\u00fa v\u00fdstavbu, servis a rie\u0161enie havarijn\u00fdch a\u00a0in\u00fdch kr\u00edzov\u00fdch situ\u00e1ci\u00ed, pri\u010dom garantujeme profesionalitu a \u010dasov\u00fa \u00fastretovos\u0165.<\/p>\n","protected":false},"author":1,"featured_media":0,"parent":0,"menu_order":0,"comment_status":"closed","ping_status":"closed","template":"","meta":{"footnotes":""},"class_list":["post-29","page","type-page","status-publish","hentry"],"_links":{"self":[{"href":"https:\/\/www.systemservis.sk\/index.php?rest_route=\/wp\/v2\/pages\/29","targetHints":{"allow":["GET"]}}],"collection":[{"href":"https:\/\/www.systemservis.sk\/index.php?rest_route=\/wp\/v2\/pages"}],"about":[{"href":"https:\/\/www.systemservis.sk\/index.php?rest_route=\/wp\/v2\/types\/page"}],"author":[{"embeddable":true,"href":"https:\/\/www.systemservis.sk\/index.php?rest_route=\/wp\/v2\/users\/1"}],"replies":[{"embeddable":true,"href":"https:\/\/www.systemservis.sk\/index.php?rest_route=%2Fwp%2Fv2%2Fcomments&post=29"}],"version-history":[{"count":2,"href":"https:\/\/www.systemservis.sk\/index.php?rest_route=\/wp\/v2\/pages\/29\/revisions"}],"predecessor-version":[{"id":89,"href":"https:\/\/www.systemservis.sk\/index.php?rest_route=\/wp\/v2\/pages\/29\/revisions\/89"}],"wp:attachment":[{"href":"https:\/\/www.systemservis.sk\/index.php?rest_route=%2Fwp%2Fv2%2Fmedia&parent=29"}],"curies":[{"name":"wp","href":"https:\/\/api.w.org\/{rel}","templated":true}]}}