{"id":33,"date":"2016-03-25T22:00:50","date_gmt":"2016-03-25T20:00:50","guid":{"rendered":"http:\/\/www.systemservis.sk\/?page_id=33"},"modified":"2023-03-27T09:11:38","modified_gmt":"2023-03-27T07:11:38","slug":"kontakt","status":"publish","type":"page","link":"https:\/\/www.systemservis.sk\/?page_id=33","title":{"rendered":"Kontakt"},"content":{"rendered":"<p><img loading=\"lazy\" decoding=\"async\" class=\"alignnone size-full wp-image-34\" src=\"http:\/\/www.systemservis.sk\/wp-content\/uploads\/2016\/03\/kontakt.jpg\" alt=\"kontakt\" width=\"820\" height=\"186\" srcset=\"https:\/\/www.systemservis.sk\/wp-content\/uploads\/2016\/03\/kontakt.jpg 820w, https:\/\/www.systemservis.sk\/wp-content\/uploads\/2016\/03\/kontakt-300x68.jpg 300w, https:\/\/www.systemservis.sk\/wp-content\/uploads\/2016\/03\/kontakt-768x174.jpg 768w\" sizes=\"auto, (max-width: 820px) 85vw, 820px\" \/><\/p>\n<ul>\n<li>Syst\u00e9m Servis Slovakia, s.r.o.<\/li>\n<li>Technick\u00e1 2, 821 04 Bratislava<\/li>\n<li>Tel.: +421 917 224\u00a0014<\/li>\n<li>Email: <a href=\"mailto:systemservis@systemservis.sk\">kontakt@systemservis.sk<\/a><\/li>\n<li>I\u010cO: 47 491 183<\/li>\n<li>DI\u010c: 2023915619<\/li>\n<li>I\u010c DPH: SK2023915619<\/li>\n<\/ul>\n<ul>\n<li>Bankov\u00fd \u00fa\u010det: 2922903125\/1100\u00a0 TATRA BANKA a.s.<\/li>\n<li>IBAN: SK771100 0000 0029 2290 3125<\/li>\n<\/ul>\n","protected":false},"excerpt":{"rendered":"<p>Syst\u00e9m Servis Slovakia, s.r.o. Technick\u00e1 2, 821 04 Bratislava Tel.: +421 917 224\u00a0014 Email: kontakt@systemservis.sk I\u010cO: 47 491 183 DI\u010c: 2023915619 I\u010c DPH: SK2023915619 Bankov\u00fd \u00fa\u010det: 2922903125\/1100\u00a0 TATRA BANKA a.s. IBAN: SK771100 0000 0029 2290 3125<\/p>\n","protected":false},"author":1,"featured_media":0,"parent":0,"menu_order":0,"comment_status":"closed","ping_status":"closed","template":"","meta":{"footnotes":""},"class_list":["post-33","page","type-page","status-publish","hentry"],"_links":{"self":[{"href":"https:\/\/www.systemservis.sk\/index.php?rest_route=\/wp\/v2\/pages\/33","targetHints":{"allow":["GET"]}}],"collection":[{"href":"https:\/\/www.systemservis.sk\/index.php?rest_route=\/wp\/v2\/pages"}],"about":[{"href":"https:\/\/www.systemservis.sk\/index.php?rest_route=\/wp\/v2\/types\/page"}],"author":[{"embeddable":true,"href":"https:\/\/www.systemservis.sk\/index.php?rest_route=\/wp\/v2\/users\/1"}],"replies":[{"embeddable":true,"href":"https:\/\/www.systemservis.sk\/index.php?rest_route=%2Fwp%2Fv2%2Fcomments&post=33"}],"version-history":[{"count":6,"href":"https:\/\/www.systemservis.sk\/index.php?rest_route=\/wp\/v2\/pages\/33\/revisions"}],"predecessor-version":[{"id":135,"href":"https:\/\/www.systemservis.sk\/index.php?rest_route=\/wp\/v2\/pages\/33\/revisions\/135"}],"wp:attachment":[{"href":"https:\/\/www.systemservis.sk\/index.php?rest_route=%2Fwp%2Fv2%2Fmedia&parent=33"}],"curies":[{"name":"wp","href":"https:\/\/api.w.org\/{rel}","templated":true}]}}