{"id":47,"date":"2016-03-25T22:05:47","date_gmt":"2016-03-25T20:05:47","guid":{"rendered":"http:\/\/www.systemservis.sk\/?page_id=47"},"modified":"2016-03-27T22:48:51","modified_gmt":"2016-03-27T20:48:51","slug":"certifikaty","status":"publish","type":"page","link":"https:\/\/www.systemservis.sk\/?page_id=47","title":{"rendered":"Certifik\u00e1ty"},"content":{"rendered":"<p>Sme dr\u017eite\u013emi nasleduj\u00facich odborn\u00fdch certifik\u00e1tov:<\/p>\n<p>Opr\u00e1vnenie Technickej In\u0161pekcie<img loading=\"lazy\" decoding=\"async\" class=\"alignright size-full wp-image-48\" src=\"http:\/\/www.systemservis.sk\/wp-content\/uploads\/2016\/03\/certifiky.jpg\" alt=\"certifiky\" width=\"383\" height=\"290\" srcset=\"https:\/\/www.systemservis.sk\/wp-content\/uploads\/2016\/03\/certifiky.jpg 383w, https:\/\/www.systemservis.sk\/wp-content\/uploads\/2016\/03\/certifiky-300x227.jpg 300w\" sizes=\"auto, (max-width: 383px) 85vw, 383px\" \/><\/p>\n<p>ISO 9001,<\/p>\n<p>ISO 14001,<\/p>\n<p>OHSAS 18001<\/p>\n<p>ISO27001.<\/p>\n","protected":false},"excerpt":{"rendered":"<p>Sme dr\u017eite\u013emi nasleduj\u00facich odborn\u00fdch certifik\u00e1tov: Opr\u00e1vnenie Technickej In\u0161pekcie ISO 9001, ISO 14001, OHSAS 18001 ISO27001.<\/p>\n","protected":false},"author":1,"featured_media":0,"parent":0,"menu_order":0,"comment_status":"closed","ping_status":"closed","template":"","meta":{"footnotes":""},"class_list":["post-47","page","type-page","status-publish","hentry"],"_links":{"self":[{"href":"https:\/\/www.systemservis.sk\/index.php?rest_route=\/wp\/v2\/pages\/47","targetHints":{"allow":["GET"]}}],"collection":[{"href":"https:\/\/www.systemservis.sk\/index.php?rest_route=\/wp\/v2\/pages"}],"about":[{"href":"https:\/\/www.systemservis.sk\/index.php?rest_route=\/wp\/v2\/types\/page"}],"author":[{"embeddable":true,"href":"https:\/\/www.systemservis.sk\/index.php?rest_route=\/wp\/v2\/users\/1"}],"replies":[{"embeddable":true,"href":"https:\/\/www.systemservis.sk\/index.php?rest_route=%2Fwp%2Fv2%2Fcomments&post=47"}],"version-history":[{"count":1,"href":"https:\/\/www.systemservis.sk\/index.php?rest_route=\/wp\/v2\/pages\/47\/revisions"}],"predecessor-version":[{"id":49,"href":"https:\/\/www.systemservis.sk\/index.php?rest_route=\/wp\/v2\/pages\/47\/revisions\/49"}],"wp:attachment":[{"href":"https:\/\/www.systemservis.sk\/index.php?rest_route=%2Fwp%2Fv2%2Fmedia&parent=47"}],"curies":[{"name":"wp","href":"https:\/\/api.w.org\/{rel}","templated":true}]}}