{"id":66,"date":"2016-03-27T22:38:31","date_gmt":"2016-03-27T20:38:31","guid":{"rendered":"http:\/\/www.systemservis.sk\/?page_id=66"},"modified":"2019-12-05T17:15:06","modified_gmt":"2019-12-05T15:15:06","slug":"metalicke-a-opticke-siete","status":"publish","type":"page","link":"https:\/\/www.systemservis.sk\/?page_id=66","title":{"rendered":"Metalick\u00e9 a optick\u00e9 siete"},"content":{"rendered":"<ul>\n<li>Realiz\u00e1cia kompletn\u00fdch zemn\u00fdch pr\u00e1c (ru\u010dn\u00e9 a strojov\u00e9 v\u00fdkopy, riaden\u00e9 a neriaden\u00e9 pretlaky, sp\u00e4tn\u00e1 \u00faprava povrchov pod\u013ea podmienok rozkop\u00e1vok)<\/li>\n<li>Pokl\u00e1dka HDPE trubiek \u010di in\u00fdch siet\u00ed<\/li>\n<li>Zaf\u00fak zv\u00e4zkov mikrotrubi\u010diek do HDPE trubiek, zaf\u00faknutie optick\u00fdch k\u00e1blov<\/li>\n<li>Ukon\u010denie optick\u00fdch k\u00e1blov v rozv\u00e1dza\u010doch, boxoch<\/li>\n<li>Kompletn\u00e9 z\u00e1vere\u010dn\u00e9 merania a rev\u00edzia<\/li>\n<li>Meranie optick\u00fdch k\u00e1blov vr\u00e1tane lokaliz\u00e1cie por\u00fach<br \/>\n<img loading=\"lazy\" decoding=\"async\" class=\"alignright size-full wp-image-67\" src=\"http:\/\/www.systemservis.sk\/wp-content\/uploads\/2016\/03\/metalicke-1.jpg\" alt=\"metalicke\" width=\"800\" height=\"205\" srcset=\"https:\/\/www.systemservis.sk\/wp-content\/uploads\/2016\/03\/metalicke-1.jpg 800w, https:\/\/www.systemservis.sk\/wp-content\/uploads\/2016\/03\/metalicke-1-300x77.jpg 300w, https:\/\/www.systemservis.sk\/wp-content\/uploads\/2016\/03\/metalicke-1-768x197.jpg 768w\" sizes=\"auto, (max-width: 800px) 85vw, 800px\" \/><\/li>\n<\/ul>\n<p><img loading=\"lazy\" decoding=\"async\" class=\"alignright size-full wp-image-70\" src=\"http:\/\/www.systemservis.sk\/wp-content\/uploads\/2016\/03\/metal.jpg\" alt=\"metal\" width=\"800\" height=\"263\" srcset=\"https:\/\/www.systemservis.sk\/wp-content\/uploads\/2016\/03\/metal.jpg 800w, https:\/\/www.systemservis.sk\/wp-content\/uploads\/2016\/03\/metal-300x99.jpg 300w, https:\/\/www.systemservis.sk\/wp-content\/uploads\/2016\/03\/metal-768x252.jpg 768w\" sizes=\"auto, (max-width: 800px) 85vw, 800px\" \/><\/p>\n","protected":false},"excerpt":{"rendered":"<p>Realiz\u00e1cia kompletn\u00fdch zemn\u00fdch pr\u00e1c (ru\u010dn\u00e9 a strojov\u00e9 v\u00fdkopy, riaden\u00e9 a neriaden\u00e9 pretlaky, sp\u00e4tn\u00e1 \u00faprava povrchov pod\u013ea podmienok rozkop\u00e1vok) Pokl\u00e1dka HDPE trubiek \u010di in\u00fdch siet\u00ed Zaf\u00fak zv\u00e4zkov mikrotrubi\u010diek do HDPE trubiek, zaf\u00faknutie optick\u00fdch k\u00e1blov Ukon\u010denie optick\u00fdch k\u00e1blov v rozv\u00e1dza\u010doch, boxoch Kompletn\u00e9 z\u00e1vere\u010dn\u00e9 merania a rev\u00edzia Meranie optick\u00fdch k\u00e1blov vr\u00e1tane lokaliz\u00e1cie por\u00fach<\/p>\n","protected":false},"author":1,"featured_media":0,"parent":0,"menu_order":0,"comment_status":"closed","ping_status":"closed","template":"","meta":{"footnotes":""},"class_list":["post-66","page","type-page","status-publish","hentry"],"_links":{"self":[{"href":"https:\/\/www.systemservis.sk\/index.php?rest_route=\/wp\/v2\/pages\/66","targetHints":{"allow":["GET"]}}],"collection":[{"href":"https:\/\/www.systemservis.sk\/index.php?rest_route=\/wp\/v2\/pages"}],"about":[{"href":"https:\/\/www.systemservis.sk\/index.php?rest_route=\/wp\/v2\/types\/page"}],"author":[{"embeddable":true,"href":"https:\/\/www.systemservis.sk\/index.php?rest_route=\/wp\/v2\/users\/1"}],"replies":[{"embeddable":true,"href":"https:\/\/www.systemservis.sk\/index.php?rest_route=%2Fwp%2Fv2%2Fcomments&post=66"}],"version-history":[{"count":6,"href":"https:\/\/www.systemservis.sk\/index.php?rest_route=\/wp\/v2\/pages\/66\/revisions"}],"predecessor-version":[{"id":118,"href":"https:\/\/www.systemservis.sk\/index.php?rest_route=\/wp\/v2\/pages\/66\/revisions\/118"}],"wp:attachment":[{"href":"https:\/\/www.systemservis.sk\/index.php?rest_route=%2Fwp%2Fv2%2Fmedia&parent=66"}],"curies":[{"name":"wp","href":"https:\/\/api.w.org\/{rel}","templated":true}]}}