{"id":78,"date":"2016-03-27T22:42:46","date_gmt":"2016-03-27T20:42:46","guid":{"rendered":"http:\/\/www.systemservis.sk\/?page_id=78"},"modified":"2016-03-27T22:42:46","modified_gmt":"2016-03-27T20:42:46","slug":"projekt","status":"publish","type":"page","link":"https:\/\/www.systemservis.sk\/?page_id=78","title":{"rendered":"Projekt"},"content":{"rendered":"<p><img loading=\"lazy\" decoding=\"async\" class=\"alignright size-large wp-image-79\" src=\"http:\/\/www.systemservis.sk\/wp-content\/uploads\/2016\/03\/projekt-1-1024x290.jpg\" alt=\"projekt\" width=\"640\" height=\"181\" srcset=\"https:\/\/www.systemservis.sk\/wp-content\/uploads\/2016\/03\/projekt-1-1024x290.jpg 1024w, https:\/\/www.systemservis.sk\/wp-content\/uploads\/2016\/03\/projekt-1-300x85.jpg 300w, https:\/\/www.systemservis.sk\/wp-content\/uploads\/2016\/03\/projekt-1-768x218.jpg 768w, https:\/\/www.systemservis.sk\/wp-content\/uploads\/2016\/03\/projekt-1.jpg 1241w\" sizes=\"auto, (max-width: 640px) 85vw, 640px\" \/><\/p>\n<ul>\n<li>Zhotovenie projektovej dokument\u00e1cie so schv\u00e1len\u00edm spr\u00e1vcu siete vr\u00e1tane prerokovanie zml\u00fav o zmluv\u00e1ch bud\u00facich na zriadenie vecn\u00e9ho bremena<\/li>\n<li>Zaistenie \u00fazemn\u00e9ho rozhodnutia<\/li>\n<li>Geodetick\u00e9 zameranie<\/li>\n<li>Vypracovanie dokument\u00e1cie skuto\u010dn\u00e9ho vyhotovenia vr\u00e1tane zmeny v knihe pl\u00e1nov opt. k\u00e1blov<\/li>\n<li>Vyhotovenie geometrick\u00fdch pl\u00e1nov so zakreslen\u00edm vecn\u00fdch bremien<\/li>\n<\/ul>\n","protected":false},"excerpt":{"rendered":"<p>Zhotovenie projektovej dokument\u00e1cie so schv\u00e1len\u00edm spr\u00e1vcu siete vr\u00e1tane prerokovanie zml\u00fav o zmluv\u00e1ch bud\u00facich na zriadenie vecn\u00e9ho bremena Zaistenie \u00fazemn\u00e9ho rozhodnutia Geodetick\u00e9 zameranie Vypracovanie dokument\u00e1cie skuto\u010dn\u00e9ho vyhotovenia vr\u00e1tane zmeny v knihe pl\u00e1nov opt. k\u00e1blov Vyhotovenie geometrick\u00fdch pl\u00e1nov so zakreslen\u00edm vecn\u00fdch bremien<\/p>\n","protected":false},"author":1,"featured_media":0,"parent":0,"menu_order":0,"comment_status":"closed","ping_status":"closed","template":"","meta":{"footnotes":""},"class_list":["post-78","page","type-page","status-publish","hentry"],"_links":{"self":[{"href":"https:\/\/www.systemservis.sk\/index.php?rest_route=\/wp\/v2\/pages\/78","targetHints":{"allow":["GET"]}}],"collection":[{"href":"https:\/\/www.systemservis.sk\/index.php?rest_route=\/wp\/v2\/pages"}],"about":[{"href":"https:\/\/www.systemservis.sk\/index.php?rest_route=\/wp\/v2\/types\/page"}],"author":[{"embeddable":true,"href":"https:\/\/www.systemservis.sk\/index.php?rest_route=\/wp\/v2\/users\/1"}],"replies":[{"embeddable":true,"href":"https:\/\/www.systemservis.sk\/index.php?rest_route=%2Fwp%2Fv2%2Fcomments&post=78"}],"version-history":[{"count":1,"href":"https:\/\/www.systemservis.sk\/index.php?rest_route=\/wp\/v2\/pages\/78\/revisions"}],"predecessor-version":[{"id":80,"href":"https:\/\/www.systemservis.sk\/index.php?rest_route=\/wp\/v2\/pages\/78\/revisions\/80"}],"wp:attachment":[{"href":"https:\/\/www.systemservis.sk\/index.php?rest_route=%2Fwp%2Fv2%2Fmedia&parent=78"}],"curies":[{"name":"wp","href":"https:\/\/api.w.org\/{rel}","templated":true}]}}